{"id":10686,"date":"2024-03-13T07:46:38","date_gmt":"2024-03-13T10:46:38","guid":{"rendered":"https:\/\/capsantafe.online\/cssappsf\/?page_id=10686"},"modified":"2025-10-23T08:49:16","modified_gmt":"2025-10-23T11:49:16","slug":"consulta-de-jubilados","status":"publish","type":"page","link":"https:\/\/capsantafe.online\/cssappsf\/inicio\/servicios\/consulta-de-jubilados\/","title":{"rendered":"Consulta de Jubilados"},"content":{"rendered":"\t\t<div data-elementor-type=\"wp-page\" data-elementor-id=\"10686\" class=\"elementor elementor-10686\" data-elementor-post-type=\"page\">\n\t\t\t\t\t\t<section data-particle_enable=\"false\" data-particle-mobile-disabled=\"false\" class=\"ob-is-breaking-bad elementor-section elementor-top-section elementor-element elementor-element-6dda685 elementor-section-full_width elementor-section-height-default elementor-section-height-default\" data-id=\"6dda685\" data-element_type=\"section\" data-e-type=\"section\" data-settings=\"{&quot;_ob_bbad_use_it&quot;:&quot;yes&quot;,&quot;_ob_bbad_sssic_use&quot;:&quot;no&quot;,&quot;_ob_glider_is_slider&quot;:&quot;no&quot;,&quot;ekit_has_onepagescroll_dot&quot;:&quot;yes&quot;}\">\n\t\t\t\t\t\t<div class=\"elementor-container elementor-column-gap-default\">\n\t\t\t\t\t<div class=\"elementor-column elementor-col-100 elementor-top-column elementor-element elementor-element-c7e425e\" data-id=\"c7e425e\" data-element_type=\"column\" data-e-type=\"column\" data-settings=\"{&quot;_ob_bbad_is_stalker&quot;:&quot;no&quot;,&quot;_ob_teleporter_use&quot;:false,&quot;_ob_column_hoveranimator&quot;:&quot;no&quot;,&quot;_ob_column_has_pseudo&quot;:&quot;no&quot;}\">\n\t\t\t<div class=\"elementor-widget-wrap elementor-element-populated\">\n\t\t\t\t\t\t<div class=\"elementor-element elementor-element-76c6daf ob-harakiri-inherit ob-has-background-overlay elementor-widget elementor-widget-heading\" data-id=\"76c6daf\" data-element_type=\"widget\" data-e-type=\"widget\" data-settings=\"{&quot;_ob_use_harakiri&quot;:&quot;yes&quot;,&quot;_ob_harakiri_writing_mode&quot;:&quot;inherit&quot;,&quot;_ob_harakiri_text_clip&quot;:&quot;none&quot;,&quot;_ob_perspektive_use&quot;:&quot;no&quot;,&quot;ekit_we_effect_on&quot;:&quot;none&quot;,&quot;_ob_poopart_use&quot;:&quot;yes&quot;,&quot;_ob_shadough_use&quot;:&quot;no&quot;,&quot;_ob_allow_hoveranimator&quot;:&quot;no&quot;,&quot;_ob_widget_stalker_use&quot;:&quot;no&quot;}\" data-widget_type=\"heading.default\">\n\t\t\t\t<div class=\"elementor-widget-container\">\n\t\t\t\t\t<h2 class=\"elementor-heading-title elementor-size-default\">Consulta de Jubilados\u200b<\/h2>\t\t\t\t<\/div>\n\t\t\t\t<\/div>\n\t\t\t\t<div class=\"elementor-element elementor-element-ba25482 ob-has-background-overlay elementor-widget elementor-widget-spacer\" data-id=\"ba25482\" data-element_type=\"widget\" data-e-type=\"widget\" data-settings=\"{&quot;_ob_spacerat_use&quot;:&quot;no&quot;,&quot;_ob_perspektive_use&quot;:&quot;no&quot;,&quot;ekit_we_effect_on&quot;:&quot;none&quot;,&quot;_ob_poopart_use&quot;:&quot;yes&quot;,&quot;_ob_shadough_use&quot;:&quot;no&quot;,&quot;_ob_allow_hoveranimator&quot;:&quot;no&quot;,&quot;_ob_widget_stalker_use&quot;:&quot;no&quot;}\" data-widget_type=\"spacer.default\">\n\t\t\t\t<div class=\"elementor-widget-container\">\n\t\t\t\t\t\t\t<div class=\"elementor-spacer\">\n\t\t\t<div class=\"elementor-spacer-inner\"><\/div>\n\t\t<\/div>\n\t\t\t\t\t\t<\/div>\n\t\t\t\t<\/div>\n\t\t\t\t\t<\/div>\n\t\t<\/div>\n\t\t\t\t\t<\/div>\n\t\t<\/section>\n\t\t\t\t<section data-particle_enable=\"false\" data-particle-mobile-disabled=\"false\" class=\"ob-is-breaking-bad elementor-section elementor-top-section elementor-element elementor-element-127319e elementor-section-full_width elementor-hidden-desktop elementor-hidden-laptop elementor-hidden-tablet elementor-hidden-mobile elementor-section-height-default elementor-section-height-default\" data-id=\"127319e\" data-element_type=\"section\" data-e-type=\"section\" data-settings=\"{&quot;_ob_bbad_use_it&quot;:&quot;yes&quot;,&quot;_ob_bbad_sssic_use&quot;:&quot;no&quot;,&quot;_ob_glider_is_slider&quot;:&quot;no&quot;,&quot;ekit_has_onepagescroll_dot&quot;:&quot;yes&quot;}\">\n\t\t\t\t\t\t<div class=\"elementor-container elementor-column-gap-default\">\n\t\t\t\t\t<div class=\"elementor-column elementor-col-100 elementor-top-column elementor-element elementor-element-589d430\" data-id=\"589d430\" data-element_type=\"column\" data-e-type=\"column\" data-settings=\"{&quot;background_background&quot;:&quot;classic&quot;,&quot;_ob_bbad_is_stalker&quot;:&quot;no&quot;,&quot;_ob_teleporter_use&quot;:false,&quot;_ob_column_hoveranimator&quot;:&quot;no&quot;,&quot;_ob_column_has_pseudo&quot;:&quot;no&quot;}\">\n\t\t\t<div class=\"elementor-widget-wrap elementor-element-populated\">\n\t\t\t\t\t\t<div class=\"elementor-element elementor-element-8fba638 ob-has-background-overlay elementor-widget elementor-widget-html\" data-id=\"8fba638\" data-element_type=\"widget\" data-e-type=\"widget\" data-settings=\"{&quot;_ob_perspektive_use&quot;:&quot;no&quot;,&quot;ekit_we_effect_on&quot;:&quot;none&quot;,&quot;_ob_poopart_use&quot;:&quot;yes&quot;,&quot;_ob_shadough_use&quot;:&quot;no&quot;,&quot;_ob_allow_hoveranimator&quot;:&quot;no&quot;,&quot;_ob_widget_stalker_use&quot;:&quot;no&quot;}\" data-widget_type=\"html.default\">\n\t\t\t\t<div class=\"elementor-widget-container\">\n\t\t\t\t\t<!--\r\n<style>\r\n#form_busca_jubilado, #d_campo, #f_bt_enviar_duda {\r\n        font-family: 'Montserrat', Sans-Serif;\r\n    }\r\n\t#form_busca_jubilado {\r\n\t\tjustify-content: center !important;\r\n\t\tdisplay: flex;\r\n\t}\r\n    .tablecontainer{\r\n        margin-top: 50px;\r\n        margin-left: 15%;\r\n        margin-right: 15%;\r\n    }\r\n\t#d_campo {\r\n\t\tmargin-left: 50px;\r\n\t}\r\n\t#f_bt_enviar_duda {\r\n\t\tbackground-color: var( --e-global-color-cd8631e );\r\n\t\tborder-radius: 25px 25px 25px 25px;\r\n\t\tpadding: 10px 40px 10px 40px;\r\n\t\tmargin: 10px 0px 0px 50px;\r\n\t}\r\n\r\n\t#f_bt_enviar_duda:hover {\r\n\t\tbackground-color: #141F33;\r\n\t\tborder-radius: 25px 25px 25px 25px;\r\n\t\tpadding: 10px 40px 10px 40px;\r\n\t\tmargin: 10px 0px 0px 50px;\r\n\t}\r\n<\/style>\r\n-->\r\n<form action=\"https:\/\/capsantafe.online\/cssappsf\/inicio\/servicios\/consulta-de-jubilados\/\" id=\"form_busca_jubilado\" method=\"post\" autocomplete=\"off\" class=\"form-inline\">\r\n\t<div class=\"form-group mx-sm-3 mb-2\">\r\n\t\t<label for=\"d_campo\" >Ingres\u00e1 el <strong>&nbsp;Apellido&nbsp;<\/strong> (o parte de el) <\/label>\r\n\t\t<input type=\"text\" class=\"form-control\" id=\"d_campo\" name=\"d_campo\" placeholder=\"Apellido\">\r\n\t\t<div class=\"text-right\">\r\n    \t\t<button type=\"submit\" id=\"f_bt_enviar_duda\" name=\"f_bt_enviar_duda\" class=\"btn btn-success mb-2\">Consultar<\/button>\r\n\t\t<\/div>\r\n\t<\/div>\r\n<\/form>\t\t\t\t<\/div>\n\t\t\t\t<\/div>\n\t\t\t\t\t<\/div>\n\t\t<\/div>\n\t\t\t\t\t<\/div>\n\t\t<\/section>\n\t\t\t\t<section data-particle_enable=\"false\" data-particle-mobile-disabled=\"false\" class=\"ob-is-breaking-bad elementor-section elementor-top-section elementor-element elementor-element-df3d9c9 elementor-section-boxed elementor-section-height-default elementor-section-height-default\" data-id=\"df3d9c9\" data-element_type=\"section\" data-e-type=\"section\" data-settings=\"{&quot;_ob_bbad_use_it&quot;:&quot;yes&quot;,&quot;_ob_bbad_sssic_use&quot;:&quot;no&quot;,&quot;_ob_glider_is_slider&quot;:&quot;no&quot;,&quot;ekit_has_onepagescroll_dot&quot;:&quot;yes&quot;}\">\n\t\t\t\t\t\t<div class=\"elementor-container elementor-column-gap-default\">\n\t\t\t\t\t<div class=\"elementor-column elementor-col-100 elementor-top-column elementor-element elementor-element-c8da65b\" data-id=\"c8da65b\" data-element_type=\"column\" data-e-type=\"column\" data-settings=\"{&quot;_ob_bbad_is_stalker&quot;:&quot;no&quot;,&quot;_ob_teleporter_use&quot;:false,&quot;_ob_column_hoveranimator&quot;:&quot;no&quot;,&quot;_ob_column_has_pseudo&quot;:&quot;no&quot;}\">\n\t\t\t<div class=\"elementor-widget-wrap elementor-element-populated\">\n\t\t\t\t\t\t<div class=\"elementor-element elementor-element-bf006fa ob-has-background-overlay elementor-widget elementor-widget-shortcode\" data-id=\"bf006fa\" data-element_type=\"widget\" data-e-type=\"widget\" data-settings=\"{&quot;_ob_perspektive_use&quot;:&quot;no&quot;,&quot;ekit_we_effect_on&quot;:&quot;none&quot;,&quot;_ob_poopart_use&quot;:&quot;yes&quot;,&quot;_ob_shadough_use&quot;:&quot;no&quot;,&quot;_ob_allow_hoveranimator&quot;:&quot;no&quot;,&quot;_ob_widget_stalker_use&quot;:&quot;no&quot;}\" data-widget_type=\"shortcode.default\">\n\t\t\t\t<div class=\"elementor-widget-container\">\n\t\t\t\t\t\t\t<div class=\"elementor-shortcode\"><\/div>\n\t\t\t\t\t\t<\/div>\n\t\t\t\t<\/div>\n\t\t\t\t<div class=\"elementor-element elementor-element-ab0c1ab ob-has-background-overlay elementor-widget elementor-widget-html\" data-id=\"ab0c1ab\" data-element_type=\"widget\" data-e-type=\"widget\" data-settings=\"{&quot;_ob_perspektive_use&quot;:&quot;no&quot;,&quot;ekit_we_effect_on&quot;:&quot;none&quot;,&quot;_ob_poopart_use&quot;:&quot;yes&quot;,&quot;_ob_shadough_use&quot;:&quot;no&quot;,&quot;_ob_allow_hoveranimator&quot;:&quot;no&quot;,&quot;_ob_widget_stalker_use&quot;:&quot;no&quot;}\" data-widget_type=\"html.default\">\n\t\t\t\t<div class=\"elementor-widget-container\">\n\t\t\t\t\t\t\t<style>\r\n\t\t\t#form_busca_jub, #d_apellido, #f_bt_enviar_duda {\r\n\t\t\t\tfont-family: 'Montserrat', Sans-Serif;\r\n\t\t\t}\r\n\t\t\t#form_busca_jub {\r\n\t\t\t\t\/*display: flex;*\/\r\n\t\t\t\tflex-wrap: wrap;\r\n\t\t\t\tjustify-content: center;\r\n\t\t\t\talign-items: center;\r\n\t\t\t\tgap: 10px;\r\n\t\t\t\tbackground-color: #e5d6b7;\r\n\t\t\t\tpadding: 20px;\r\n\t\t\t\tborder-radius: 10px;\r\n\t\t\t\ttext-align: center;\r\n\t\t\t\twidth: 100%;\r\n\t\t\t\t\/*max-width: 500px;*\/\r\n\t\t\t\tmargin: 0 auto;\r\n\t\t\t\tbox-sizing: border-box;\r\n\t\t\t}\r\n\t\t\t#form_busca_jub label {\r\n\t\t\t\tfont-weight: bold;\r\n\t\t\t}\r\n\t\t\t#d_apellido {\r\n\t\t\t\tpadding: 10px;\r\n\t\t\t\tborder-radius: 5px;\r\n\t\t\t\tborder: 1px solid #ccc;\r\n\t\t\t\tmin-width: 220px;\r\n\t\t\t}\r\n\t\t\t#f_bt_enviar_duda {\r\n\t\t\t\tbackground-color: var(--e-global-color-cd8631e);\r\n\t\t\t\tborder-radius: 25px;\r\n\t\t\t\tcolor: white;\r\n\t\t\t\tborder: 2px solid #141f33;\r\n\t\t\t\t\/*padding: 10px 25px;*\/\r\n\t\t\t\tmargin: 15px 0px 0px 20px; \r\n\t\t\t\tcursor: pointer;\r\n\t\t\t}\r\n\t\t\t#f_bt_enviar_duda:hover {\r\n\t\t\t\tbackground-color: #141F33;\r\n\t\t\t}\r\n\t\t\t.result-cards {\r\n\t\t\t\tdisplay: flex;\r\n\t\t\t\tflex-direction: column;\r\n\t\t\t\tgap: 20px;\r\n\t\t\t\tmargin: 30px auto;\r\n\t\t\t\tpadding: 10px;\r\n\t\t\t\tmax-width: 800px;\r\n\t\t\t}\r\n\t\t\t.card {\r\n\t\t\t\tbackground-color: #f8f8f8;\r\n\t\t\t\tborder-left: 5px solid #B1A276;\r\n\t\t\t\tborder-radius: 8px;\r\n\t\t\t\tbox-shadow: 0 0 10px rgba(0,0,0,0.1);\r\n\t\t\t}\r\n\t\t\t.card-border-afiliado {\r\n\t\t\t\tborder-color: #B1A276 !important;\r\n\t\t\t}\r\n\t\t\t.card-body {\r\n\t\t\t\tpadding: 20px;\r\n\t\t\t}\r\n\t\t\t.card-item {\r\n\t\t\t\tmargin: 5px 0;\r\n\t\t\t\tfont-size: 16px;\r\n\t\t\t}\r\n\t\t\t.card-item strong {\r\n\t\t\t\tcolor: #0F1F33;\r\n\t\t\t}\r\n\t\t\t.card-item-nro-afil {\r\n\t\t\t\tfont-size: 20px;\r\n\t\t\t\tfont-weight: bold;\r\n\t\t\t}\r\n\t\t\t.card-header-nro-afil {\r\n\t\t\t\tcolor: #141f33 !important;\r\n\t\t\t}\r\n\t\t\t.card-header {\r\n\t\t\t\tcolor: red;\r\n\t\t\t\tfont-weight: 900;\r\n\t\t\t\tfont-size: 20px;\r\n\t\t\t}\r\n\t\t\t.card-title {\r\n\t\t\t\tfont-weight: 700;\r\n\t\t\t}\r\n\t\t\t.afil-confirm {\r\n\t\t\t\ttext-align: center;\r\n\t\t\t\tmargin-top: 20px;\r\n\t\t\t\tfont-weight: bold;\r\n\t\t\t\tcolor: #141f33;\r\n\t\t\t\tbackground-color: #fff;\r\n\t\t\t\tpadding: 10px;\r\n\t\t\t\tborder-radius: 8px;\r\n\t\t\t\tborder: 2px solid #141f33;\r\n\t\t\t}\r\n\t\t\t.icon-hover:hover {\r\n\t\t\t\tcolor: #b1a276;\r\n\t\t\t\ttransform: scale(1.2);\r\n\t\t\t\ttransition: transform 0.2s ease, color 0.2s ease;\r\n\t\t\t}\r\n\t\t\thr.linea {\r\n\t\t\t\theight: 4px;\r\n\t\t\t\tbackground: linear-gradient(90deg, rgba(20,31,51,1) 0%, rgba(31,77,103,1) 50%, rgba(42,123,155,1) 100%);\r\n\t\t\t}\r\n\t\t\t@media(max-width: 480px) {\r\n\t\t\t\t#form_busca_jub {\r\n\t\t\t\t\tflex-direction: column;\r\n\t\t\t\t\tgap: 15px;\r\n\t\t\t\t}\r\n\t\t\t\t#f_bt_enviar_duda {\r\n\t\t\t\t\twidth: 80%;\r\n\t\t\t\t\tmargin: 20px 0px 0px 0px;\r\n\t\t\t\t}\r\n\t\t\t}\r\n\t\t<\/style>\r\n\r\n\t\t<script>\r\n\t\t\tdocument.addEventListener('DOMContentLoaded', function () {\r\n\t\t\t\tconst input = document.getElementById('d_apellido');\r\n\t\t\t\tinput.addEventListener('input', function () {\r\n\t\t\t\t\tthis.value = this.value.replace(\/[0-9]\/g, '');\r\n\t\t\t\t});\r\n\t\t\t});\r\n\t\t<\/script>\r\n\r\n\t\t<form id=\"form_busca_jub\" method=\"post\">\r\n\t\t\t<label>Ingres\u00e1 el <strong>Apellido<\/strong> (o parte de \u00e9l)<\/label>\r\n\t\t\t<input type=\"text\" id=\"d_apellido\" name=\"d_apellido\" pattern=\"[A-Za-z\u00c1\u00c9\u00cd\u00d3\u00da\u00e1\u00e9\u00ed\u00f3\u00fa\u00d1\u00f1\\s]+\" inputmode=\"text\" required \/>\r\n\t\t\t<button type=\"submit\" id=\"f_bt_enviar_duda\">Consultar<\/button>\r\n\t\t<\/form>\r\n\t\t\t\t\t\t<\/div>\n\t\t\t\t<\/div>\n\t\t\t\t\t<\/div>\n\t\t<\/div>\n\t\t\t\t\t<\/div>\n\t\t<\/section>\n\t\t\t\t<\/div>\n\t\t","protected":false},"excerpt":{"rendered":"<p>Consulta de Jubilados\u200b Ingres\u00e1 el &nbsp;Apellido&nbsp; (o parte de el) Consultar<\/p>\n","protected":false},"author":2,"featured_media":0,"parent":3864,"menu_order":0,"comment_status":"closed","ping_status":"closed","template":"elementor_header_footer","meta":{"_acf_changed":false,"_eb_attr":"","inline_featured_image":false,"footnotes":""},"class_list":["post-10686","page","type-page","status-publish"],"acf":[],"_links":{"self":[{"href":"https:\/\/capsantafe.online\/cssappsf\/wp-json\/wp\/v2\/pages\/10686","targetHints":{"allow":["GET"]}}],"collection":[{"href":"https:\/\/capsantafe.online\/cssappsf\/wp-json\/wp\/v2\/pages"}],"about":[{"href":"https:\/\/capsantafe.online\/cssappsf\/wp-json\/wp\/v2\/types\/page"}],"author":[{"embeddable":true,"href":"https:\/\/capsantafe.online\/cssappsf\/wp-json\/wp\/v2\/users\/2"}],"replies":[{"embeddable":true,"href":"https:\/\/capsantafe.online\/cssappsf\/wp-json\/wp\/v2\/comments?post=10686"}],"version-history":[{"count":0,"href":"https:\/\/capsantafe.online\/cssappsf\/wp-json\/wp\/v2\/pages\/10686\/revisions"}],"up":[{"embeddable":true,"href":"https:\/\/capsantafe.online\/cssappsf\/wp-json\/wp\/v2\/pages\/3864"}],"wp:attachment":[{"href":"https:\/\/capsantafe.online\/cssappsf\/wp-json\/wp\/v2\/media?parent=10686"}],"curies":[{"name":"wp","href":"https:\/\/api.w.org\/{rel}","templated":true}]}}