{"id":14615,"date":"2025-11-14T11:12:47","date_gmt":"2025-11-14T14:12:47","guid":{"rendered":"https:\/\/capsantafe.online\/cssappsf\/?page_id=14615"},"modified":"2025-11-14T11:14:01","modified_gmt":"2025-11-14T14:14:01","slug":"noticias-2022","status":"publish","type":"page","link":"https:\/\/capsantafe.online\/cssappsf\/inicio\/noticias\/noticias-2022\/","title":{"rendered":"Noticias 2022"},"content":{"rendered":"\t\t<div data-elementor-type=\"wp-page\" data-elementor-id=\"14615\" class=\"elementor elementor-14615\" data-elementor-post-type=\"page\">\n\t\t\t\t\t\t<section data-particle_enable=\"false\" data-particle-mobile-disabled=\"false\" class=\"ob-is-breaking-bad elementor-section elementor-top-section elementor-element elementor-element-6b1b145 elementor-section-full_width elementor-section-height-default elementor-section-height-default\" data-id=\"6b1b145\" data-element_type=\"section\" data-e-type=\"section\" data-settings=\"{&quot;_ob_bbad_use_it&quot;:&quot;yes&quot;,&quot;_ob_bbad_sssic_use&quot;:&quot;no&quot;,&quot;_ob_glider_is_slider&quot;:&quot;no&quot;,&quot;ekit_has_onepagescroll_dot&quot;:&quot;yes&quot;}\">\n\t\t\t\t\t\t<div class=\"elementor-container elementor-column-gap-default\">\n\t\t\t\t\t<div class=\"elementor-column elementor-col-100 elementor-top-column elementor-element elementor-element-ba2e4fd\" data-id=\"ba2e4fd\" data-element_type=\"column\" data-e-type=\"column\" data-settings=\"{&quot;_ob_bbad_is_stalker&quot;:&quot;no&quot;,&quot;_ob_teleporter_use&quot;:false,&quot;_ob_column_hoveranimator&quot;:&quot;no&quot;,&quot;_ob_column_has_pseudo&quot;:&quot;no&quot;}\">\n\t\t\t<div class=\"elementor-widget-wrap elementor-element-populated\">\n\t\t\t\t\t\t<div class=\"elementor-element elementor-element-bb9f892 ob-has-background-overlay elementor-widget elementor-widget-spacer\" data-id=\"bb9f892\" data-element_type=\"widget\" data-e-type=\"widget\" data-settings=\"{&quot;_ob_spacerat_use&quot;:&quot;no&quot;,&quot;_ob_perspektive_use&quot;:&quot;no&quot;,&quot;ekit_we_effect_on&quot;:&quot;none&quot;,&quot;_ob_poopart_use&quot;:&quot;yes&quot;,&quot;_ob_shadough_use&quot;:&quot;no&quot;,&quot;_ob_allow_hoveranimator&quot;:&quot;no&quot;,&quot;_ob_widget_stalker_use&quot;:&quot;no&quot;}\" data-widget_type=\"spacer.default\">\n\t\t\t\t<div class=\"elementor-widget-container\">\n\t\t\t\t\t\t\t<div class=\"elementor-spacer\">\n\t\t\t<div class=\"elementor-spacer-inner\"><\/div>\n\t\t<\/div>\n\t\t\t\t\t\t<\/div>\n\t\t\t\t<\/div>\n\t\t\t\t<div class=\"elementor-element elementor-element-d10c2d6 ob-harakiri-inherit ob-has-background-overlay elementor-widget elementor-widget-heading\" data-id=\"d10c2d6\" data-element_type=\"widget\" data-e-type=\"widget\" data-settings=\"{&quot;_ob_use_harakiri&quot;:&quot;yes&quot;,&quot;_ob_harakiri_writing_mode&quot;:&quot;inherit&quot;,&quot;_ob_harakiri_text_clip&quot;:&quot;none&quot;,&quot;_ob_perspektive_use&quot;:&quot;no&quot;,&quot;ekit_we_effect_on&quot;:&quot;none&quot;,&quot;_ob_poopart_use&quot;:&quot;yes&quot;,&quot;_ob_shadough_use&quot;:&quot;no&quot;,&quot;_ob_allow_hoveranimator&quot;:&quot;no&quot;,&quot;_ob_widget_stalker_use&quot;:&quot;no&quot;}\" data-widget_type=\"heading.default\">\n\t\t\t\t<div class=\"elementor-widget-container\">\n\t\t\t\t\t<h2 class=\"elementor-heading-title elementor-size-default\">Noticias 2022<\/h2>\t\t\t\t<\/div>\n\t\t\t\t<\/div>\n\t\t\t\t<div class=\"elementor-element elementor-element-3a408eb ob-has-background-overlay elementor-widget elementor-widget-spacer\" data-id=\"3a408eb\" data-element_type=\"widget\" data-e-type=\"widget\" data-settings=\"{&quot;_ob_spacerat_use&quot;:&quot;no&quot;,&quot;_ob_perspektive_use&quot;:&quot;no&quot;,&quot;ekit_we_effect_on&quot;:&quot;none&quot;,&quot;_ob_poopart_use&quot;:&quot;yes&quot;,&quot;_ob_shadough_use&quot;:&quot;no&quot;,&quot;_ob_allow_hoveranimator&quot;:&quot;no&quot;,&quot;_ob_widget_stalker_use&quot;:&quot;no&quot;}\" data-widget_type=\"spacer.default\">\n\t\t\t\t<div class=\"elementor-widget-container\">\n\t\t\t\t\t\t\t<div class=\"elementor-spacer\">\n\t\t\t<div class=\"elementor-spacer-inner\"><\/div>\n\t\t<\/div>\n\t\t\t\t\t\t<\/div>\n\t\t\t\t<\/div>\n\t\t\t\t\t<\/div>\n\t\t<\/div>\n\t\t\t\t\t<\/div>\n\t\t<\/section>\n\t\t\t\t<section data-particle_enable=\"false\" data-particle-mobile-disabled=\"false\" class=\"ob-is-breaking-bad elementor-section elementor-top-section elementor-element elementor-element-48bbc3d elementor-section-boxed elementor-section-height-default elementor-section-height-default\" data-id=\"48bbc3d\" data-element_type=\"section\" data-e-type=\"section\" data-settings=\"{&quot;_ob_bbad_use_it&quot;:&quot;yes&quot;,&quot;_ob_bbad_sssic_use&quot;:&quot;no&quot;,&quot;_ob_glider_is_slider&quot;:&quot;no&quot;,&quot;ekit_has_onepagescroll_dot&quot;:&quot;yes&quot;}\">\n\t\t\t\t\t\t<div class=\"elementor-container elementor-column-gap-default\">\n\t\t\t\t\t<div class=\"elementor-column elementor-col-100 elementor-top-column elementor-element elementor-element-489e101\" data-id=\"489e101\" data-element_type=\"column\" data-e-type=\"column\" data-settings=\"{&quot;_ob_bbad_is_stalker&quot;:&quot;no&quot;,&quot;_ob_teleporter_use&quot;:false,&quot;_ob_column_hoveranimator&quot;:&quot;no&quot;,&quot;_ob_column_has_pseudo&quot;:&quot;no&quot;}\">\n\t\t\t<div class=\"elementor-widget-wrap elementor-element-populated\">\n\t\t\t\t\t\t<div class=\"elementor-element elementor-element-2351997 ob-has-background-overlay elementor-widget elementor-widget-shortcode\" data-id=\"2351997\" data-element_type=\"widget\" data-e-type=\"widget\" data-settings=\"{&quot;_ob_perspektive_use&quot;:&quot;no&quot;,&quot;ekit_we_effect_on&quot;:&quot;none&quot;,&quot;_ob_poopart_use&quot;:&quot;yes&quot;,&quot;_ob_shadough_use&quot;:&quot;no&quot;,&quot;_ob_allow_hoveranimator&quot;:&quot;no&quot;,&quot;_ob_widget_stalker_use&quot;:&quot;no&quot;}\" data-widget_type=\"shortcode.default\">\n\t\t\t\t<div class=\"elementor-widget-container\">\n\t\t\t\t\t\t\t<div class=\"elementor-shortcode\">\t\t<div data-elementor-type=\"section\" data-elementor-id=\"7076\" class=\"elementor elementor-7076\" data-elementor-post-type=\"elementor_library\">\n\t\t\t\t\t<section data-particle_enable=\"false\" data-particle-mobile-disabled=\"false\" class=\"ob-is-breaking-bad elementor-section elementor-top-section elementor-element elementor-element-ce9dfa0 elementor-section-boxed elementor-section-height-default elementor-section-height-default\" data-id=\"ce9dfa0\" data-element_type=\"section\" data-e-type=\"section\" data-settings=\"{&quot;_ob_bbad_use_it&quot;:&quot;yes&quot;,&quot;_ob_bbad_sssic_use&quot;:&quot;no&quot;,&quot;_ob_glider_is_slider&quot;:&quot;no&quot;,&quot;ekit_has_onepagescroll_dot&quot;:&quot;yes&quot;}\">\n\t\t\t\t\t\t<div class=\"elementor-container elementor-column-gap-default\">\n\t\t\t\t\t<div class=\"elementor-column elementor-col-100 elementor-top-column elementor-element elementor-element-49ac947b\" data-id=\"49ac947b\" data-element_type=\"column\" data-e-type=\"column\" data-settings=\"{&quot;_ob_bbad_is_stalker&quot;:&quot;no&quot;,&quot;_ob_teleporter_use&quot;:false,&quot;_ob_column_hoveranimator&quot;:&quot;no&quot;,&quot;_ob_column_has_pseudo&quot;:&quot;no&quot;}\">\n\t\t\t<div class=\"elementor-widget-wrap elementor-element-populated\">\n\t\t\t\t\t\t<div class=\"elementor-element elementor-element-3843b74c elementor-grid-1 elementor-posts--thumbnail-left elementor-posts--align-left elementor-hidden-mobile elementor-grid-tablet-2 elementor-grid-mobile-1 ob-has-background-overlay elementor-widget elementor-widget-posts\" data-id=\"3843b74c\" data-element_type=\"widget\" data-e-type=\"widget\" data-settings=\"{&quot;classic_columns&quot;:&quot;1&quot;,&quot;classic_row_gap&quot;:{&quot;unit&quot;:&quot;px&quot;,&quot;size&quot;:18,&quot;sizes&quot;:[]},&quot;classic_columns_tablet&quot;:&quot;2&quot;,&quot;classic_columns_mobile&quot;:&quot;1&quot;,&quot;classic_row_gap_laptop&quot;:{&quot;unit&quot;:&quot;px&quot;,&quot;size&quot;:&quot;&quot;,&quot;sizes&quot;:[]},&quot;classic_row_gap_tablet&quot;:{&quot;unit&quot;:&quot;px&quot;,&quot;size&quot;:&quot;&quot;,&quot;sizes&quot;:[]},&quot;classic_row_gap_mobile&quot;:{&quot;unit&quot;:&quot;px&quot;,&quot;size&quot;:&quot;&quot;,&quot;sizes&quot;:[]},&quot;_ob_perspektive_use&quot;:&quot;no&quot;,&quot;ekit_we_effect_on&quot;:&quot;none&quot;,&quot;_ob_poopart_use&quot;:&quot;yes&quot;,&quot;_ob_shadough_use&quot;:&quot;no&quot;,&quot;_ob_allow_hoveranimator&quot;:&quot;no&quot;,&quot;_ob_widget_stalker_use&quot;:&quot;no&quot;}\" data-widget_type=\"posts.classic\">\n\t\t\t\t<div class=\"elementor-widget-container\">\n\t\t\t\t\t\t\t<div class=\"elementor-posts-container elementor-posts elementor-posts--skin-classic elementor-grid\" role=\"list\">\n\t\t\t\t<article class=\"elementor-post elementor-grid-item post-6174 post type-post status-publish format-standard has-post-thumbnail hentry category-n2022 category-noticias-de-interes tag-s2\" role=\"listitem\">\n\t\t\t\t<a class=\"elementor-post__thumbnail__link\" href=\"https:\/\/capsantafe.online\/cssappsf\/iii-jornada-informativa-presente-y-futuro-previsional\/\" tabindex=\"-1\" >\n\t\t\t<div class=\"elementor-post__thumbnail\"><img fetchpriority=\"high\" decoding=\"async\" width=\"300\" height=\"300\" src=\"https:\/\/capsantafe.online\/cssappsf\/wp-content\/uploads\/2022\/12\/Nuevos_Desafios_3_300x300-300x300.jpg\" class=\"attachment-medium size-medium wp-image-6078\" alt=\"\" srcset=\"https:\/\/capsantafe.online\/cssappsf\/wp-content\/uploads\/2022\/12\/Nuevos_Desafios_3_300x300.jpg 300w, https:\/\/capsantafe.online\/cssappsf\/wp-content\/uploads\/2022\/12\/Nuevos_Desafios_3_300x300-150x150.jpg 150w\" sizes=\"(max-width: 300px) 100vw, 300px\" \/><\/div>\n\t\t<\/a>\n\t\t\t\t<div class=\"elementor-post__text\">\n\t\t\t\t<h5 class=\"elementor-post__title\">\n\t\t\t<a href=\"https:\/\/capsantafe.online\/cssappsf\/iii-jornada-informativa-presente-y-futuro-previsional\/\" >\n\t\t\t\tIII Jornada Informativa Presente y Futuro Previsional\t\t\t<\/a>\n\t\t<\/h5>\n\t\t\t\t<div class=\"elementor-post__meta-data\">\n\t\t\t\t\t<span class=\"elementor-post-date\">\n\t\t\t05\/12\/2022\t\t<\/span>\n\t\t\t\t<\/div>\n\t\t\t\t<div class=\"elementor-post__excerpt\">\n\t\t\t<p>Caja de Seguridad Social de Abogados y Procuradores de la Provincia de Santa Fe<br \/>\nIII Jornada Informativa: Presente y Futuro Previsional de nuestra Caja.<\/p>\n\t\t<\/div>\n\t\t\n\t\t<a class=\"elementor-post__read-more\" href=\"https:\/\/capsantafe.online\/cssappsf\/iii-jornada-informativa-presente-y-futuro-previsional\/\" aria-label=\"Read more about III Jornada Informativa Presente y Futuro Previsional\" tabindex=\"-1\" >\n\t\t\tLeer m\u00e1s \u00bb\t\t<\/a>\n\n\t\t\t\t<\/div>\n\t\t\t\t<\/article>\n\t\t\t\t<article class=\"elementor-post elementor-grid-item post-3651 post type-post status-publish format-standard has-post-thumbnail hentry category-n2022 category-noticias-de-interes tag-s2\" role=\"listitem\">\n\t\t\t\t<a class=\"elementor-post__thumbnail__link\" href=\"https:\/\/capsantafe.online\/cssappsf\/2-jornada-nuevos-desafios\/\" tabindex=\"-1\" >\n\t\t\t<div class=\"elementor-post__thumbnail\"><img decoding=\"async\" width=\"300\" height=\"300\" src=\"https:\/\/capsantafe.online\/cssappsf\/wp-content\/uploads\/2022\/09\/img_jornada_2-1-1-300x300.jpg\" class=\"attachment-medium size-medium wp-image-4456\" alt=\"2\u00b0 Jornada - Nuevos Desaf\u00edos\" srcset=\"https:\/\/capsantafe.online\/cssappsf\/wp-content\/uploads\/2022\/09\/img_jornada_2-1-1-300x300.jpg 300w, https:\/\/capsantafe.online\/cssappsf\/wp-content\/uploads\/2022\/09\/img_jornada_2-1-1-150x150.jpg 150w, https:\/\/capsantafe.online\/cssappsf\/wp-content\/uploads\/2022\/09\/img_jornada_2-1-1.jpg 512w\" sizes=\"(max-width: 300px) 100vw, 300px\" \/><\/div>\n\t\t<\/a>\n\t\t\t\t<div class=\"elementor-post__text\">\n\t\t\t\t<h5 class=\"elementor-post__title\">\n\t\t\t<a href=\"https:\/\/capsantafe.online\/cssappsf\/2-jornada-nuevos-desafios\/\" >\n\t\t\t\t2\u00b0 Jornada &#8211; Nuevos Desaf\u00edos\t\t\t<\/a>\n\t\t<\/h5>\n\t\t\t\t<div class=\"elementor-post__meta-data\">\n\t\t\t\t\t<span class=\"elementor-post-date\">\n\t\t\t05\/09\/2022\t\t<\/span>\n\t\t\t\t<\/div>\n\t\t\t\t<div class=\"elementor-post__excerpt\">\n\t\t\t<p>Pre\u00e1mbulo a la actualizaci\u00f3n de nuestra legislaci\u00f3n vigente Esta 2\u00b0 Jornada fue el pre\u00e1mbulo a la actualizaci\u00f3n de nuestra legislaci\u00f3n vigente tomando los nuevos desaf\u00edos que se presentan en materia<\/p>\n\t\t<\/div>\n\t\t\n\t\t<a class=\"elementor-post__read-more\" href=\"https:\/\/capsantafe.online\/cssappsf\/2-jornada-nuevos-desafios\/\" aria-label=\"Read more about 2\u00b0 Jornada &#8211; Nuevos Desaf\u00edos\" tabindex=\"-1\" >\n\t\t\tLeer m\u00e1s \u00bb\t\t<\/a>\n\n\t\t\t\t<\/div>\n\t\t\t\t<\/article>\n\t\t\t\t<\/div>\n\t\t\n\t\t\t\t\t\t<\/div>\n\t\t\t\t<\/div>\n\t\t\t\t<div class=\"elementor-element elementor-element-7d66270f elementor-grid-1 elementor-posts--align-left elementor-hidden-desktop elementor-hidden-laptop elementor-hidden-tablet elementor-grid-tablet-2 elementor-grid-mobile-1 elementor-posts--thumbnail-top ob-has-background-overlay elementor-widget elementor-widget-posts\" data-id=\"7d66270f\" data-element_type=\"widget\" data-e-type=\"widget\" data-settings=\"{&quot;classic_columns&quot;:&quot;1&quot;,&quot;classic_row_gap&quot;:{&quot;unit&quot;:&quot;px&quot;,&quot;size&quot;:18,&quot;sizes&quot;:[]},&quot;classic_columns_tablet&quot;:&quot;2&quot;,&quot;classic_columns_mobile&quot;:&quot;1&quot;,&quot;classic_row_gap_laptop&quot;:{&quot;unit&quot;:&quot;px&quot;,&quot;size&quot;:&quot;&quot;,&quot;sizes&quot;:[]},&quot;classic_row_gap_tablet&quot;:{&quot;unit&quot;:&quot;px&quot;,&quot;size&quot;:&quot;&quot;,&quot;sizes&quot;:[]},&quot;classic_row_gap_mobile&quot;:{&quot;unit&quot;:&quot;px&quot;,&quot;size&quot;:&quot;&quot;,&quot;sizes&quot;:[]},&quot;_ob_perspektive_use&quot;:&quot;no&quot;,&quot;ekit_we_effect_on&quot;:&quot;none&quot;,&quot;_ob_poopart_use&quot;:&quot;yes&quot;,&quot;_ob_shadough_use&quot;:&quot;no&quot;,&quot;_ob_allow_hoveranimator&quot;:&quot;no&quot;,&quot;_ob_widget_stalker_use&quot;:&quot;no&quot;}\" data-widget_type=\"posts.classic\">\n\t\t\t\t<div class=\"elementor-widget-container\">\n\t\t\t\t\t\t\t<div class=\"elementor-posts-container elementor-posts elementor-posts--skin-classic elementor-grid\" role=\"list\">\n\t\t\t\t<article class=\"elementor-post elementor-grid-item post-6174 post type-post status-publish format-standard has-post-thumbnail hentry category-n2022 category-noticias-de-interes tag-s2\" role=\"listitem\">\n\t\t\t\t<a class=\"elementor-post__thumbnail__link\" href=\"https:\/\/capsantafe.online\/cssappsf\/iii-jornada-informativa-presente-y-futuro-previsional\/\" tabindex=\"-1\" >\n\t\t\t<div class=\"elementor-post__thumbnail\"><img fetchpriority=\"high\" decoding=\"async\" width=\"300\" height=\"300\" src=\"https:\/\/capsantafe.online\/cssappsf\/wp-content\/uploads\/2022\/12\/Nuevos_Desafios_3_300x300-300x300.jpg\" class=\"attachment-medium size-medium wp-image-6078\" alt=\"\" srcset=\"https:\/\/capsantafe.online\/cssappsf\/wp-content\/uploads\/2022\/12\/Nuevos_Desafios_3_300x300.jpg 300w, https:\/\/capsantafe.online\/cssappsf\/wp-content\/uploads\/2022\/12\/Nuevos_Desafios_3_300x300-150x150.jpg 150w\" sizes=\"(max-width: 300px) 100vw, 300px\" \/><\/div>\n\t\t<\/a>\n\t\t\t\t<div class=\"elementor-post__text\">\n\t\t\t\t<h4 class=\"elementor-post__title\">\n\t\t\t<a href=\"https:\/\/capsantafe.online\/cssappsf\/iii-jornada-informativa-presente-y-futuro-previsional\/\" >\n\t\t\t\tIII Jornada Informativa Presente y Futuro Previsional\t\t\t<\/a>\n\t\t<\/h4>\n\t\t\t\t<div class=\"elementor-post__meta-data\">\n\t\t\t\t\t<span class=\"elementor-post-date\">\n\t\t\t05\/12\/2022\t\t<\/span>\n\t\t\t\t<\/div>\n\t\t\t\t<div class=\"elementor-post__excerpt\">\n\t\t\t<p>Caja de Seguridad Social de Abogados y Procuradores de la Provincia de Santa Fe<br \/>\nIII Jornada Informativa: Presente y Futuro Previsional de nuestra Caja.<\/p>\n\t\t<\/div>\n\t\t\n\t\t<a class=\"elementor-post__read-more\" href=\"https:\/\/capsantafe.online\/cssappsf\/iii-jornada-informativa-presente-y-futuro-previsional\/\" aria-label=\"Read more about III Jornada Informativa Presente y Futuro Previsional\" tabindex=\"-1\" >\n\t\t\tLeer m\u00e1s \u00bb\t\t<\/a>\n\n\t\t\t\t<\/div>\n\t\t\t\t<\/article>\n\t\t\t\t<article class=\"elementor-post elementor-grid-item post-3651 post type-post status-publish format-standard has-post-thumbnail hentry category-n2022 category-noticias-de-interes tag-s2\" role=\"listitem\">\n\t\t\t\t<a class=\"elementor-post__thumbnail__link\" href=\"https:\/\/capsantafe.online\/cssappsf\/2-jornada-nuevos-desafios\/\" tabindex=\"-1\" >\n\t\t\t<div class=\"elementor-post__thumbnail\"><img decoding=\"async\" width=\"300\" height=\"300\" src=\"https:\/\/capsantafe.online\/cssappsf\/wp-content\/uploads\/2022\/09\/img_jornada_2-1-1-300x300.jpg\" class=\"attachment-medium size-medium wp-image-4456\" alt=\"2\u00b0 Jornada - Nuevos Desaf\u00edos\" srcset=\"https:\/\/capsantafe.online\/cssappsf\/wp-content\/uploads\/2022\/09\/img_jornada_2-1-1-300x300.jpg 300w, https:\/\/capsantafe.online\/cssappsf\/wp-content\/uploads\/2022\/09\/img_jornada_2-1-1-150x150.jpg 150w, https:\/\/capsantafe.online\/cssappsf\/wp-content\/uploads\/2022\/09\/img_jornada_2-1-1.jpg 512w\" sizes=\"(max-width: 300px) 100vw, 300px\" \/><\/div>\n\t\t<\/a>\n\t\t\t\t<div class=\"elementor-post__text\">\n\t\t\t\t<h4 class=\"elementor-post__title\">\n\t\t\t<a href=\"https:\/\/capsantafe.online\/cssappsf\/2-jornada-nuevos-desafios\/\" >\n\t\t\t\t2\u00b0 Jornada &#8211; Nuevos Desaf\u00edos\t\t\t<\/a>\n\t\t<\/h4>\n\t\t\t\t<div class=\"elementor-post__meta-data\">\n\t\t\t\t\t<span class=\"elementor-post-date\">\n\t\t\t05\/09\/2022\t\t<\/span>\n\t\t\t\t<\/div>\n\t\t\t\t<div class=\"elementor-post__excerpt\">\n\t\t\t<p>Pre\u00e1mbulo a la actualizaci\u00f3n de nuestra legislaci\u00f3n vigente Esta 2\u00b0 Jornada fue el pre\u00e1mbulo a la actualizaci\u00f3n de nuestra legislaci\u00f3n vigente tomando los nuevos desaf\u00edos que se presentan en materia<\/p>\n\t\t<\/div>\n\t\t\n\t\t<a class=\"elementor-post__read-more\" href=\"https:\/\/capsantafe.online\/cssappsf\/2-jornada-nuevos-desafios\/\" aria-label=\"Read more about 2\u00b0 Jornada &#8211; Nuevos Desaf\u00edos\" tabindex=\"-1\" >\n\t\t\tLeer m\u00e1s \u00bb\t\t<\/a>\n\n\t\t\t\t<\/div>\n\t\t\t\t<\/article>\n\t\t\t\t<\/div>\n\t\t\n\t\t\t\t\t\t<\/div>\n\t\t\t\t<\/div>\n\t\t\t\t\t<\/div>\n\t\t<\/div>\n\t\t\t\t\t<\/div>\n\t\t<\/section>\n\t\t\t\t<\/div>\n\t\t<\/div>\n\t\t\t\t\t\t<\/div>\n\t\t\t\t<\/div>\n\t\t\t\t\t<\/div>\n\t\t<\/div>\n\t\t\t\t\t<\/div>\n\t\t<\/section>\n\t\t\t\t<\/div>\n\t\t","protected":false},"excerpt":{"rendered":"<p>Noticias 2022<\/p>\n","protected":false},"author":7,"featured_media":0,"parent":3995,"menu_order":0,"comment_status":"closed","ping_status":"closed","template":"elementor_header_footer","meta":{"_acf_changed":false,"_eb_attr":"","inline_featured_image":false,"footnotes":""},"class_list":["post-14615","page","type-page","status-publish","hentry"],"acf":[],"_links":{"self":[{"href":"https:\/\/capsantafe.online\/cssappsf\/wp-json\/wp\/v2\/pages\/14615","targetHints":{"allow":["GET"]}}],"collection":[{"href":"https:\/\/capsantafe.online\/cssappsf\/wp-json\/wp\/v2\/pages"}],"about":[{"href":"https:\/\/capsantafe.online\/cssappsf\/wp-json\/wp\/v2\/types\/page"}],"author":[{"embeddable":true,"href":"https:\/\/capsantafe.online\/cssappsf\/wp-json\/wp\/v2\/users\/7"}],"replies":[{"embeddable":true,"href":"https:\/\/capsantafe.online\/cssappsf\/wp-json\/wp\/v2\/comments?post=14615"}],"version-history":[{"count":0,"href":"https:\/\/capsantafe.online\/cssappsf\/wp-json\/wp\/v2\/pages\/14615\/revisions"}],"up":[{"embeddable":true,"href":"https:\/\/capsantafe.online\/cssappsf\/wp-json\/wp\/v2\/pages\/3995"}],"wp:attachment":[{"href":"https:\/\/capsantafe.online\/cssappsf\/wp-json\/wp\/v2\/media?parent=14615"}],"curies":[{"name":"wp","href":"https:\/\/api.w.org\/{rel}","templated":true}]}}